{"id":176,"date":"2016-11-17T10:57:01","date_gmt":"2016-11-17T15:57:01","guid":{"rendered":"http:\/\/www.competethemes.com\/chosen-live-demo\/?page_id=176"},"modified":"2026-04-16T08:38:17","modified_gmt":"2026-04-16T07:38:17","slug":"pulferstube","status":"publish","type":"page","link":"https:\/\/u100-ittigen.ch\/index.php\/pulferstube\/","title":{"rendered":"Pulferstube"},"content":{"rendered":"\n\n\n\n<h2 class=\"wp-block-heading\"> Informieren <\/h2>\n\n\n\n<p>\u00fcber Arbeit, Bildung, Familien, Finanzen, Gesundheit, Integration. Wohnen, Mobilit\u00e4t<br>\u00fcber Veranstaltungen (in der Gemeinde), Beratungsstellen, Hilfsangebote, Vereine<br>Vermittlung an geeignete Fachstelle bei komplizierteren Fragestellungen<\/p>\n\n\n\n<h2 class=\"wp-block-heading\"> Begegnen<\/h2>\n\n\n\n<p>Leute treffen und sich austauschen<br>Jobb\u00f6rse f\u00fcr Jugendliche <br>Vermitteln von nachbarschaftlichen Hilfen aller Art     <br>M\u00f6glichkeit eine eigene Veranstaltung \/ Sitzung in der Pulferstube durchzuf\u00fchren                                                    <\/p>\n\n\n\n<h2 class=\"wp-block-heading\">Schreiben und verstehen (<em>Dienstag-Nachmittag<\/em> und Donnerstagvormittag)<\/h2>\n\n\n\n<p>Hilfe beim Verfassen von Bewerbungen und Lebensl\u00e4ufen am Computer<br>Lesehilfe f\u00fcr Briefe und andere Unterlagen<br>Unterst\u00fctzung bei der Beantwortung amtlicher Briefe    <br>Unterst\u00fctzung beim Ausf\u00fcllen von Formularen (keine Steuererkl\u00e4rung)  Schreibhilfe f\u00fcr einfache Korrespondenz in deutscher Sprache<\/p>\n\n\n\n<p><strong>Am Freitagmorgen wird die Pulferstube zwischen 09:30 &#8211; und 11:30 h von U100 und vom Frauenverein betreut. <\/strong>Wir informieren \u00fcber die Aktivit\u00e4ten und verschiedenen Angebote der Gemeinde und Vereine und helfen bei Korrekturen <strong>von allgemeiner Korrespondenz<\/strong>.<\/p>\n\n\n\n<p><strong>Weitere Angebote in der Pulferstube <\/strong>(Infos zu den Veranstaltungen finden Sie auf unserer Veranstaltungseite)<strong>:<\/strong><\/p>\n\n\n\n<p>Vom 3. April bis 20. April bleibt die Pulferstube geschlossen<\/p>\n\n\n\n<div class=\"wp-block-file\"><a id=\"wp-block-file--media-889fd221-9114-4f6e-8d69-3ef537ec5add\" href=\"https:\/\/u100-ittigen.ch\/wp-content\/uploads\/2020\/02\/Flyer.pdf\">Flyer Pulferstube<\/a><a href=\"https:\/\/u100-ittigen.ch\/wp-content\/uploads\/2020\/02\/Flyer.pdf\" class=\"wp-block-file__button wp-element-button\" download aria-describedby=\"wp-block-file--media-889fd221-9114-4f6e-8d69-3ef537ec5add\">Herunterladen<\/a><\/div>\n\n\n\n\n<p><!-- \/wp:post-content --><\/p>\n<p><!-- \/wp:columns --><\/p>\n<p><!-- \/wp:group --><\/p>\n<p><!-- \/wp:group --><\/p>\n<p><!-- \/wp:column --><\/p>\n<p><!-- \/wp:columns --><\/p>\n<p><!-- wp:table {\"hasFixedLayout\":false} --><\/p>\n<figure class=\"wp-block-table\">\n<table>\n<thead>\n<tr>\n<th>Datum<\/th>\n<th>Aktivit\u00e4t<\/th>\n<th>Zeit<\/th>\n<\/tr>\n<\/thead>\n<tbody>\n<tr>\n<td>Dienstag<br \/>3x pro Monat <br \/>ausser Schulferien<\/td>\n<td><strong>Offenes Singen f\u00fcr Seniorinnen und Senioren<\/strong><\/td>\n<td>10:00 &#8211; 11:00<\/td>\n<\/tr>\n<tr>\n<td>Dienstagnachmittag <br \/>Donnerstagvormittag<br \/>ausser Schulferien<\/td>\n<td><strong>SCHREIBSTUBE<\/strong> Gemeinde Ittigen<\/td>\n<td>09:00 &#8211; 12:00<\/p>\n<p>14:00 &#8211; 17:00<\/p>\n<\/td>\n<\/tr>\n<tr>\n<td>jeweils am Mittwochmorgen<\/td>\n<td><strong>Anlaufstelle f\u00fcr Altersfragen mit Stefan W\u00fcthrich<\/strong><\/td>\n<td>09:00 &#8211; 12:00<\/td>\n<\/tr>\n<tr>\n<td>jeweils am Donnerstag-nachmittag<\/td>\n<td><strong>SORA, Anlaufstelle &#8211; Eltern walk &#8211; in<\/strong><\/td>\n<td>12:00 &#8211; 18:00<\/td>\n<\/tr>\n<tr>\n<td>Freitag,<br \/>5. Juni 2026 \/ 14. August 2026 \/ 13.November 2026<\/td>\n<td><strong>N\u00e4hatelier<\/strong><br \/>mit Frau Bettina Zuberb\u00fchler<\/td>\n<td>09:30 &#8211; 11:30\u00a0<\/td>\n<\/tr>\n<tr>\n<td>Mittwoch, <br \/>27. Mai 2026<\/td>\n<td>\n<p><strong>9. schweizweiter Vorlesetag<\/strong> mit unserem GP Thomas Stauffer, unseren GR Monika R\u00fcttimann, GR Katharina Meyer, GR Simone St\u00f6cklin und GR Andreas M\u00e4der. Lassen Sie sich von erfrischenden, poetischen literarischen Leckerbissen verw\u00f6hnen. Kaffee und Kuchen<\/p>\n<\/td>\n<td>14:00 &#8211; 16:30 h<\/td>\n<\/tr>\n<tr>\n<td>Freitag, 29. Mai 2026<\/td>\n<td><strong>NACHBARSCHAFTSTAG: Gemeinsam klingen wir besser\u00a0 \u00a0 \u00a0 \u00a0 <\/strong>U100 und der Frauenverein Ittigen laden zu Kaffee und Gipfeli zum gem\u00fctlichen Zusammensein ein. Der U100 Chor wird zwischen 09:30 und 10:00 h l\u00fcpfige Lieder vor der Pulferstube vortragen<\/td>\n<td>09:00 &#8211; 11:30 h<\/td>\n<\/tr>\n<tr>\n<td>\n<p>Samstag, 12. September<\/p>\n<\/p>\n<\/p>\n<p>Mittwoch, 21. Oktober\u00a0<\/p>\n<\/p>\n<p>Mittwoch,<br \/>11. November<br \/>2. Dezember<\/p>\n<\/td>\n<td>\n<p><strong>Ittiger M\u00e4rit\u00a0 \u00a0 \u00a0 \u00a0 \u00a0 \u00a0 \u00a0 \u00a0 \u00a0 \u00a0 \u00a0 \u00a0 \u00a0 \u00a0 \u00a0 \u00a0 \u00a0 \u00a0 \u00a0 \u00a0 \u00a0 \u00a0 \u00a0 \u00a0 \u00a0 \u00a0 \u00a0 \u00a0 \u00a0 \u00a0 \u00a0 \u00a0 \u00a0 \u00a0 \u00a0 \u00a0\u00a0<\/strong><\/p>\n<p>Schach vor der Pulferstube mit dem Schachklub Bantiger<\/p>\n<h6>\u00a0<\/h6>\n<h6><strong>CAFE MED<\/strong><\/h6>\n<p>Anmeldung an Heidi Hugi, heidi.hugi@gmail.com\u00a0<\/p>\n<h6>\u00a0<\/h6>\n<h6><strong>Schach f\u00fcr Sie und mit Ihnen\u00a0 \u00a0 <\/strong><\/h6>\n<h6>zusammen mit dem Schachklub Bantiger\u00a0<\/h6>\n<\/td>\n<td>\n<p>09:00 &#8211; 15:00 h<\/p>\n<\/p>\n<p>15:00 &#8211; 18:00 h<\/p>\n<p>15:00 &#8211; 18:00 h<\/p>\n<\/td>\n<\/tr>\n<tr>\n<td>\n<table>\n<tbody>\n<tr>\n<td>jeweils freitags<\/td>\n<\/tr>\n<\/tbody>\n<\/table>\n<\/td>\n<td>\n<p>Lehnen Sie unser Strommessger\u00e4t aus; kommen Sie vorbei zu einem Kaffee oder einem Schwatz. Wir haben Zeit f\u00fcr Sie<strong><br \/><\/strong><\/p>\n<\/td>\n<td>\n<table>\n<tbody>\n<tr>\n<td>09:30 &#8211; 11:30<\/td>\n<\/tr>\n<\/tbody>\n<\/table>\n<\/td>\n<\/tr>\n<tr>\n<td>\n<p>Samstag, 9. Mai\/<\/p>\n<p>6. Juni\/20. Juni<\/p>\n<\/td>\n<td><strong>Schachmeisterschaften Schachklub Bantiger<\/strong><\/td>\n<td>13:00 &#8211; 18:00 h<\/td>\n<\/tr>\n<\/tbody>\n<\/table>\n<\/figure>\n<p><!-- \/wp:table --><\/p>\n<p><!-- wp:paragraph --><\/p>\n<p><!-- \/wp:paragraph --><\/p>","protected":false},"excerpt":{"rendered":"<p>Informieren \u00fcber Arbeit, Bildung, Familien, Finanzen, Gesundheit, Integration. Wohnen, Mobilit\u00e4t\u00fcber Veranstaltungen (in der Gemeinde), Beratungsstellen, Hilfsangebote, VereineVermittlung an geeignete Fachstelle bei komplizierteren Fragestellungen Begegnen Leute treffen und sich austauschenJobb\u00f6rse f\u00fcr&#8230;<\/p>\n","protected":false},"author":7,"featured_media":0,"parent":0,"menu_order":0,"comment_status":"closed","ping_status":"closed","template":"","meta":{"iawp_total_views":531,"footnotes":""},"class_list":["post-176","page","type-page","status-publish","hentry","entry"],"yoast_head":"<!-- This site is optimized with the Yoast SEO plugin v26.1.1 - https:\/\/yoast.com\/wordpress\/plugins\/seo\/ -->\n<title>Pulferstube &#8211; U100<\/title>\n<meta name=\"robots\" content=\"index, follow, max-snippet:-1, max-image-preview:large, max-video-preview:-1\" \/>\n<link rel=\"canonical\" href=\"https:\/\/u100-ittigen.ch\/index.php\/pulferstube\/\" \/>\n<meta property=\"og:locale\" content=\"de_DE\" \/>\n<meta property=\"og:type\" content=\"article\" \/>\n<meta property=\"og:title\" content=\"Pulferstube &#8211; U100\" \/>\n<meta property=\"og:description\" content=\"Informieren \u00fcber Arbeit, Bildung, Familien, Finanzen, Gesundheit, Integration. Wohnen, Mobilit\u00e4t\u00fcber Veranstaltungen (in der Gemeinde), Beratungsstellen, Hilfsangebote, VereineVermittlung an geeignete Fachstelle bei komplizierteren Fragestellungen Begegnen Leute treffen und sich austauschenJobb\u00f6rse f\u00fcr&#8230;\" \/>\n<meta property=\"og:url\" content=\"https:\/\/u100-ittigen.ch\/index.php\/pulferstube\/\" \/>\n<meta property=\"og:site_name\" content=\"U100\" \/>\n<meta property=\"article:modified_time\" content=\"2026-04-16T07:38:17+00:00\" \/>\n<meta name=\"twitter:card\" content=\"summary_large_image\" \/>\n<meta name=\"twitter:label1\" content=\"Gesch\u00e4tzte Lesezeit\" \/>\n\t<meta name=\"twitter:data1\" content=\"3\u00a0Minuten\" \/>\n<script type=\"application\/ld+json\" class=\"yoast-schema-graph\">{\"@context\":\"https:\/\/schema.org\",\"@graph\":[{\"@type\":\"WebPage\",\"@id\":\"https:\/\/u100-ittigen.ch\/index.php\/pulferstube\/\",\"url\":\"https:\/\/u100-ittigen.ch\/index.php\/pulferstube\/\",\"name\":\"Pulferstube &#8211; U100\",\"isPartOf\":{\"@id\":\"https:\/\/u100-ittigen.ch\/#website\"},\"datePublished\":\"2016-11-17T15:57:01+00:00\",\"dateModified\":\"2026-04-16T07:38:17+00:00\",\"breadcrumb\":{\"@id\":\"https:\/\/u100-ittigen.ch\/index.php\/pulferstube\/#breadcrumb\"},\"inLanguage\":\"de\",\"potentialAction\":[{\"@type\":\"ReadAction\",\"target\":[\"https:\/\/u100-ittigen.ch\/index.php\/pulferstube\/\"]}]},{\"@type\":\"BreadcrumbList\",\"@id\":\"https:\/\/u100-ittigen.ch\/index.php\/pulferstube\/#breadcrumb\",\"itemListElement\":[{\"@type\":\"ListItem\",\"position\":1,\"name\":\"Startseite\",\"item\":\"https:\/\/u100-ittigen.ch\/\"},{\"@type\":\"ListItem\",\"position\":2,\"name\":\"Pulferstube\"}]},{\"@type\":\"WebSite\",\"@id\":\"https:\/\/u100-ittigen.ch\/#website\",\"url\":\"https:\/\/u100-ittigen.ch\/\",\"name\":\"U100 Ittigen Generationennetzwerk\",\"description\":\"\",\"publisher\":{\"@id\":\"https:\/\/u100-ittigen.ch\/#organization\"},\"potentialAction\":[{\"@type\":\"SearchAction\",\"target\":{\"@type\":\"EntryPoint\",\"urlTemplate\":\"https:\/\/u100-ittigen.ch\/?s={search_term_string}\"},\"query-input\":{\"@type\":\"PropertyValueSpecification\",\"valueRequired\":true,\"valueName\":\"search_term_string\"}}],\"inLanguage\":\"de\"},{\"@type\":\"Organization\",\"@id\":\"https:\/\/u100-ittigen.ch\/#organization\",\"name\":\"U100 Ittigen Generationennetzwerk\",\"url\":\"https:\/\/u100-ittigen.ch\/\",\"logo\":{\"@type\":\"ImageObject\",\"inLanguage\":\"de\",\"@id\":\"https:\/\/u100-ittigen.ch\/#\/schema\/logo\/image\/\",\"url\":\"https:\/\/u100-ittigen.ch\/wp-content\/uploads\/2019\/10\/u100.jpg\",\"contentUrl\":\"https:\/\/u100-ittigen.ch\/wp-content\/uploads\/2019\/10\/u100.jpg\",\"width\":252,\"height\":50,\"caption\":\"U100 Ittigen Generationennetzwerk\"},\"image\":{\"@id\":\"https:\/\/u100-ittigen.ch\/#\/schema\/logo\/image\/\"}}]}<\/script>\n<!-- \/ Yoast SEO plugin. -->","yoast_head_json":{"title":"Pulferstube &#8211; U100","robots":{"index":"index","follow":"follow","max-snippet":"max-snippet:-1","max-image-preview":"max-image-preview:large","max-video-preview":"max-video-preview:-1"},"canonical":"https:\/\/u100-ittigen.ch\/index.php\/pulferstube\/","og_locale":"de_DE","og_type":"article","og_title":"Pulferstube &#8211; U100","og_description":"Informieren \u00fcber Arbeit, Bildung, Familien, Finanzen, Gesundheit, Integration. Wohnen, Mobilit\u00e4t\u00fcber Veranstaltungen (in der Gemeinde), Beratungsstellen, Hilfsangebote, VereineVermittlung an geeignete Fachstelle bei komplizierteren Fragestellungen Begegnen Leute treffen und sich austauschenJobb\u00f6rse f\u00fcr&#8230;","og_url":"https:\/\/u100-ittigen.ch\/index.php\/pulferstube\/","og_site_name":"U100","article_modified_time":"2026-04-16T07:38:17+00:00","twitter_card":"summary_large_image","twitter_misc":{"Gesch\u00e4tzte Lesezeit":"3\u00a0Minuten"},"schema":{"@context":"https:\/\/schema.org","@graph":[{"@type":"WebPage","@id":"https:\/\/u100-ittigen.ch\/index.php\/pulferstube\/","url":"https:\/\/u100-ittigen.ch\/index.php\/pulferstube\/","name":"Pulferstube &#8211; U100","isPartOf":{"@id":"https:\/\/u100-ittigen.ch\/#website"},"datePublished":"2016-11-17T15:57:01+00:00","dateModified":"2026-04-16T07:38:17+00:00","breadcrumb":{"@id":"https:\/\/u100-ittigen.ch\/index.php\/pulferstube\/#breadcrumb"},"inLanguage":"de","potentialAction":[{"@type":"ReadAction","target":["https:\/\/u100-ittigen.ch\/index.php\/pulferstube\/"]}]},{"@type":"BreadcrumbList","@id":"https:\/\/u100-ittigen.ch\/index.php\/pulferstube\/#breadcrumb","itemListElement":[{"@type":"ListItem","position":1,"name":"Startseite","item":"https:\/\/u100-ittigen.ch\/"},{"@type":"ListItem","position":2,"name":"Pulferstube"}]},{"@type":"WebSite","@id":"https:\/\/u100-ittigen.ch\/#website","url":"https:\/\/u100-ittigen.ch\/","name":"U100 Ittigen Generationennetzwerk","description":"","publisher":{"@id":"https:\/\/u100-ittigen.ch\/#organization"},"potentialAction":[{"@type":"SearchAction","target":{"@type":"EntryPoint","urlTemplate":"https:\/\/u100-ittigen.ch\/?s={search_term_string}"},"query-input":{"@type":"PropertyValueSpecification","valueRequired":true,"valueName":"search_term_string"}}],"inLanguage":"de"},{"@type":"Organization","@id":"https:\/\/u100-ittigen.ch\/#organization","name":"U100 Ittigen Generationennetzwerk","url":"https:\/\/u100-ittigen.ch\/","logo":{"@type":"ImageObject","inLanguage":"de","@id":"https:\/\/u100-ittigen.ch\/#\/schema\/logo\/image\/","url":"https:\/\/u100-ittigen.ch\/wp-content\/uploads\/2019\/10\/u100.jpg","contentUrl":"https:\/\/u100-ittigen.ch\/wp-content\/uploads\/2019\/10\/u100.jpg","width":252,"height":50,"caption":"U100 Ittigen Generationennetzwerk"},"image":{"@id":"https:\/\/u100-ittigen.ch\/#\/schema\/logo\/image\/"}}]}},"_links":{"self":[{"href":"https:\/\/u100-ittigen.ch\/index.php\/wp-json\/wp\/v2\/pages\/176","targetHints":{"allow":["GET"]}}],"collection":[{"href":"https:\/\/u100-ittigen.ch\/index.php\/wp-json\/wp\/v2\/pages"}],"about":[{"href":"https:\/\/u100-ittigen.ch\/index.php\/wp-json\/wp\/v2\/types\/page"}],"author":[{"embeddable":true,"href":"https:\/\/u100-ittigen.ch\/index.php\/wp-json\/wp\/v2\/users\/7"}],"replies":[{"embeddable":true,"href":"https:\/\/u100-ittigen.ch\/index.php\/wp-json\/wp\/v2\/comments?post=176"}],"version-history":[{"count":455,"href":"https:\/\/u100-ittigen.ch\/index.php\/wp-json\/wp\/v2\/pages\/176\/revisions"}],"predecessor-version":[{"id":7322,"href":"https:\/\/u100-ittigen.ch\/index.php\/wp-json\/wp\/v2\/pages\/176\/revisions\/7322"}],"wp:attachment":[{"href":"https:\/\/u100-ittigen.ch\/index.php\/wp-json\/wp\/v2\/media?parent=176"}],"curies":[{"name":"wp","href":"https:\/\/api.w.org\/{rel}","templated":true}]}}